{"id":7,"date":"2024-10-22T13:46:52","date_gmt":"2024-10-22T16:46:52","guid":{"rendered":"https:\/\/visualizze.com.br\/?page_id=7"},"modified":"2024-10-25T16:20:19","modified_gmt":"2024-10-25T19:20:19","slug":"visualizze-bv","status":"publish","type":"page","link":"https:\/\/visualizze.com.br\/","title":{"rendered":"Visualizze &#8211; Seja bem vindo"},"content":{"rendered":"\t\t<div data-elementor-type=\"wp-page\" data-elementor-id=\"7\" class=\"elementor elementor-7\">\n\t\t\t\t<div class=\"elementor-element elementor-element-2b225ad e-flex e-con-boxed e-con e-parent\" data-id=\"2b225ad\" data-element_type=\"container\" data-settings=\"{&quot;background_background&quot;:&quot;classic&quot;}\">\n\t\t\t\t\t<div class=\"e-con-inner\">\n\t\t<div class=\"elementor-element elementor-element-8b828a1 e-con-full e-flex e-con e-child\" data-id=\"8b828a1\" data-element_type=\"container\">\n\t\t\t\t<div class=\"elementor-element elementor-element-acad12b elementor-widget elementor-widget-image\" data-id=\"acad12b\" data-element_type=\"widget\" data-widget_type=\"image.default\">\n\t\t\t\t<div class=\"elementor-widget-container\">\n\t\t\t\t\t\t\t\t\t\t\t\t\t<img fetchpriority=\"high\" decoding=\"async\" width=\"800\" height=\"150\" src=\"https:\/\/visualizze.com.br\/wp-content\/uploads\/2024\/10\/logo-1024x192.png\" class=\"attachment-large size-large wp-image-20\" alt=\"\" srcset=\"https:\/\/visualizze.com.br\/wp-content\/uploads\/2024\/10\/logo-1024x192.png 1024w, https:\/\/visualizze.com.br\/wp-content\/uploads\/2024\/10\/logo-300x56.png 300w, https:\/\/visualizze.com.br\/wp-content\/uploads\/2024\/10\/logo-768x144.png 768w, https:\/\/visualizze.com.br\/wp-content\/uploads\/2024\/10\/logo.png 1238w\" sizes=\"(max-width: 800px) 100vw, 800px\" \/>\t\t\t\t\t\t\t\t\t\t\t\t\t<\/div>\n\t\t\t\t<\/div>\n\t\t\t\t<div class=\"elementor-element elementor-element-1d26257 elementor-widget elementor-widget-heading\" data-id=\"1d26257\" data-element_type=\"widget\" data-widget_type=\"heading.default\">\n\t\t\t\t<div class=\"elementor-widget-container\">\n\t\t\t<h2 class=\"elementor-heading-title elementor-size-default\">Controle Financeiro<\/h2>\t\t<\/div>\n\t\t\t\t<\/div>\n\t\t\t\t<div class=\"elementor-element elementor-element-bd4b1c6 elementor-widget elementor-widget-heading\" data-id=\"bd4b1c6\" data-element_type=\"widget\" data-widget_type=\"heading.default\">\n\t\t\t\t<div class=\"elementor-widget-container\">\n\t\t\t<h2 class=\"elementor-heading-title elementor-size-default\">Os recursos que agilizam sua gest\u00e3o financeira.<\/h2>\t\t<\/div>\n\t\t\t\t<\/div>\n\t\t\t\t<div class=\"elementor-element elementor-element-3651095 elementor-widget elementor-widget-text-editor\" data-id=\"3651095\" data-element_type=\"widget\" data-widget_type=\"text-editor.default\">\n\t\t\t\t<div class=\"elementor-widget-container\">\n\t\t\t\t\t\t\t<p>+ tempo pra voc\u00ea, + controle, + previsibilidade, + resultado para sua empresa.<\/p>\t\t\t\t\t\t<\/div>\n\t\t\t\t<\/div>\n\t\t\t\t<div class=\"elementor-element elementor-element-da9851c elementor-widget elementor-widget-button\" data-id=\"da9851c\" data-element_type=\"widget\" data-widget_type=\"button.default\">\n\t\t\t\t<div class=\"elementor-widget-container\">\n\t\t\t\t\t\t\t<div class=\"elementor-button-wrapper\">\n\t\t\t\t\t<a class=\"elementor-button elementor-button-link elementor-size-sm\" href=\"#\">\n\t\t\t\t\t\t<span class=\"elementor-button-content-wrapper\">\n\t\t\t\t\t\t\t\t\t<span class=\"elementor-button-text\">Agilizar minha Gest\u00e3o!<\/span>\n\t\t\t\t\t<\/span>\n\t\t\t\t\t<\/a>\n\t\t\t\t<\/div>\n\t\t\t\t\t\t<\/div>\n\t\t\t\t<\/div>\n\t\t\t\t<\/div>\n\t\t<div class=\"elementor-element elementor-element-ff9c7cb e-con-full e-flex e-con e-child\" data-id=\"ff9c7cb\" data-element_type=\"container\">\n\t\t\t\t<div class=\"elementor-element elementor-element-e72f152 elementor-widget elementor-widget-image\" data-id=\"e72f152\" data-element_type=\"widget\" data-widget_type=\"image.default\">\n\t\t\t\t<div class=\"elementor-widget-container\">\n\t\t\t\t\t\t\t\t\t\t\t\t\t<img decoding=\"async\" width=\"656\" height=\"789\" src=\"https:\/\/visualizze.com.br\/wp-content\/uploads\/2024\/10\/ela.webp\" class=\"attachment-large size-large wp-image-29\" alt=\"\" srcset=\"https:\/\/visualizze.com.br\/wp-content\/uploads\/2024\/10\/ela.webp 656w, https:\/\/visualizze.com.br\/wp-content\/uploads\/2024\/10\/ela-249x300.webp 249w\" sizes=\"(max-width: 656px) 100vw, 656px\" \/>\t\t\t\t\t\t\t\t\t\t\t\t\t<\/div>\n\t\t\t\t<\/div>\n\t\t\t\t<\/div>\n\t\t\t\t\t<\/div>\n\t\t\t\t<\/div>\n\t\t<div class=\"elementor-element elementor-element-f28b6bc e-flex e-con-boxed e-con e-parent\" data-id=\"f28b6bc\" data-element_type=\"container\">\n\t\t\t\t\t<div class=\"e-con-inner\">\n\t\t\t\t<div class=\"elementor-element elementor-element-5f14cff elementor-widget elementor-widget-heading\" data-id=\"5f14cff\" data-element_type=\"widget\" data-widget_type=\"heading.default\">\n\t\t\t\t<div class=\"elementor-widget-container\">\n\t\t\t<h2 class=\"elementor-heading-title elementor-size-default\">Benef\u00edcios ao contratar os nossos servi\u00e7os<\/h2>\t\t<\/div>\n\t\t\t\t<\/div>\n\t\t<div class=\"elementor-element elementor-element-85efbb4 e-con-full e-flex e-con e-child\" data-id=\"85efbb4\" data-element_type=\"container\">\n\t\t\t\t<div class=\"elementor-element elementor-element-268f070 elementor-position-top elementor-widget elementor-widget-image-box\" data-id=\"268f070\" data-element_type=\"widget\" data-widget_type=\"image-box.default\">\n\t\t\t\t<div class=\"elementor-widget-container\">\n\t\t\t<div class=\"elementor-image-box-wrapper\"><figure class=\"elementor-image-box-img\"><img decoding=\"async\" width=\"245\" height=\"255\" src=\"https:\/\/visualizze.com.br\/wp-content\/uploads\/2024\/10\/1.webp\" class=\"attachment-full size-full wp-image-51\" alt=\"\" \/><\/figure><div class=\"elementor-image-box-content\"><h3 class=\"elementor-image-box-title\">Redu\u00e7\u00e3o de Custos<\/h3><p class=\"elementor-image-box-description\">Ao terceirizar as fun\u00e7\u00f5es financeiras, voc\u00ea pode reduzir custos com pessoal e infraestrutura, j\u00e1 que n\u00e3o precisa manter uma equipe interna para essas tarefas.<\/p><\/div><\/div>\t\t<\/div>\n\t\t\t\t<\/div>\n\t\t\t\t<div class=\"elementor-element elementor-element-cc41b06 elementor-position-top elementor-widget elementor-widget-image-box\" data-id=\"cc41b06\" data-element_type=\"widget\" data-widget_type=\"image-box.default\">\n\t\t\t\t<div class=\"elementor-widget-container\">\n\t\t\t<div class=\"elementor-image-box-wrapper\"><figure class=\"elementor-image-box-img\"><img loading=\"lazy\" decoding=\"async\" width=\"245\" height=\"255\" src=\"https:\/\/visualizze.com.br\/wp-content\/uploads\/2024\/10\/2.webp\" class=\"attachment-full size-full wp-image-53\" alt=\"\" \/><\/figure><div class=\"elementor-image-box-content\"><h3 class=\"elementor-image-box-title\">Responsabilidade e Seguran\u00e7a<\/h3><p class=\"elementor-image-box-description\">Orientar a equipe envolvida, na execu\u00e7\u00e3o adequada dos recursos, promovendo responsabilidade, integridade e transpar\u00eancia na presta\u00e7\u00e3o de contas.<\/p><\/div><\/div>\t\t<\/div>\n\t\t\t\t<\/div>\n\t\t\t\t<div class=\"elementor-element elementor-element-e0fc652 elementor-position-top elementor-widget elementor-widget-image-box\" data-id=\"e0fc652\" data-element_type=\"widget\" data-widget_type=\"image-box.default\">\n\t\t\t\t<div class=\"elementor-widget-container\">\n\t\t\t<div class=\"elementor-image-box-wrapper\"><figure class=\"elementor-image-box-img\"><img loading=\"lazy\" decoding=\"async\" width=\"245\" height=\"255\" src=\"https:\/\/visualizze.com.br\/wp-content\/uploads\/2024\/10\/3.webp\" class=\"attachment-full size-full wp-image-52\" alt=\"\" \/><\/figure><div class=\"elementor-image-box-content\"><h3 class=\"elementor-image-box-title\">Efici\u00eancia Financeira <\/h3><p class=\"elementor-image-box-description\">Garantir que os recursos financeiros sejam utilizados de forma segura e eficiente, visando reduzir riscos.<\/p><\/div><\/div>\t\t<\/div>\n\t\t\t\t<\/div>\n\t\t\t\t<\/div>\n\t\t<div class=\"elementor-element elementor-element-61970c2 e-con-full e-flex e-con e-child\" data-id=\"61970c2\" data-element_type=\"container\">\n\t\t\t\t<div class=\"elementor-element elementor-element-083d4df elementor-position-top elementor-widget elementor-widget-image-box\" data-id=\"083d4df\" data-element_type=\"widget\" data-widget_type=\"image-box.default\">\n\t\t\t\t<div class=\"elementor-widget-container\">\n\t\t\t<div class=\"elementor-image-box-wrapper\"><figure class=\"elementor-image-box-img\"><img loading=\"lazy\" decoding=\"async\" width=\"245\" height=\"255\" src=\"https:\/\/visualizze.com.br\/wp-content\/uploads\/2024\/10\/4.webp\" class=\"attachment-full size-full wp-image-49\" alt=\"\" \/><\/figure><div class=\"elementor-image-box-content\"><h3 class=\"elementor-image-box-title\">Assessoria Singular<\/h3><p class=\"elementor-image-box-description\">Suporte especializado e acompanhamento da execu\u00e7\u00e3o financeira para assegura a efetiva implementa\u00e7\u00e3o do or\u00e7amento definido.<\/p><\/div><\/div>\t\t<\/div>\n\t\t\t\t<\/div>\n\t\t\t\t<div class=\"elementor-element elementor-element-c9ae354 elementor-position-top elementor-widget elementor-widget-image-box\" data-id=\"c9ae354\" data-element_type=\"widget\" data-widget_type=\"image-box.default\">\n\t\t\t\t<div class=\"elementor-widget-container\">\n\t\t\t<div class=\"elementor-image-box-wrapper\"><figure class=\"elementor-image-box-img\"><img loading=\"lazy\" decoding=\"async\" width=\"245\" height=\"255\" src=\"https:\/\/visualizze.com.br\/wp-content\/uploads\/2024\/10\/5.webp\" class=\"attachment-full size-full wp-image-50\" alt=\"\" \/><\/figure><div class=\"elementor-image-box-content\"><h3 class=\"elementor-image-box-title\">Relat\u00f3rios e An\u00e1lises<\/h3><p class=\"elementor-image-box-description\">Relat\u00f3rios financeiros detalhados e an\u00e1lises fornecidas podem oferecer insights valiosos para a tomada de decis\u00f5es estrat\u00e9gicas.<\/p><\/div><\/div>\t\t<\/div>\n\t\t\t\t<\/div>\n\t\t\t\t<\/div>\n\t\t\t\t\t<\/div>\n\t\t\t\t<\/div>\n\t\t<div class=\"elementor-element elementor-element-f6359e4 e-flex e-con-boxed e-con e-parent\" data-id=\"f6359e4\" data-element_type=\"container\" data-settings=\"{&quot;background_background&quot;:&quot;gradient&quot;}\">\n\t\t\t\t\t<div class=\"e-con-inner\">\n\t\t<div class=\"elementor-element elementor-element-0b77ff9 e-con-full e-flex e-con e-child\" data-id=\"0b77ff9\" data-element_type=\"container\">\n\t\t\t\t<div class=\"elementor-element elementor-element-6d56ba7 elementor-widget elementor-widget-heading\" data-id=\"6d56ba7\" data-element_type=\"widget\" data-widget_type=\"heading.default\">\n\t\t\t\t<div class=\"elementor-widget-container\">\n\t\t\t<h2 class=\"elementor-heading-title elementor-size-default\">\u00c1reas de atua\u00e7\u00e3o<\/h2>\t\t<\/div>\n\t\t\t\t<\/div>\n\t\t\t\t<div class=\"elementor-element elementor-element-9a5fa34 elementor-arrows-position-inside elementor-pagination-position-outside elementor-widget elementor-widget-image-carousel\" data-id=\"9a5fa34\" data-element_type=\"widget\" data-settings=\"{&quot;navigation&quot;:&quot;both&quot;,&quot;autoplay&quot;:&quot;yes&quot;,&quot;pause_on_hover&quot;:&quot;yes&quot;,&quot;pause_on_interaction&quot;:&quot;yes&quot;,&quot;autoplay_speed&quot;:5000,&quot;infinite&quot;:&quot;yes&quot;,&quot;speed&quot;:500,&quot;image_spacing_custom&quot;:{&quot;unit&quot;:&quot;px&quot;,&quot;size&quot;:20,&quot;sizes&quot;:[]},&quot;image_spacing_custom_tablet&quot;:{&quot;unit&quot;:&quot;px&quot;,&quot;size&quot;:&quot;&quot;,&quot;sizes&quot;:[]},&quot;image_spacing_custom_mobile&quot;:{&quot;unit&quot;:&quot;px&quot;,&quot;size&quot;:&quot;&quot;,&quot;sizes&quot;:[]}}\" data-widget_type=\"image-carousel.default\">\n\t\t\t\t<div class=\"elementor-widget-container\">\n\t\t\t\t\t<div class=\"elementor-image-carousel-wrapper swiper\" dir=\"ltr\">\n\t\t\t<div class=\"elementor-image-carousel swiper-wrapper\" aria-live=\"off\">\n\t\t\t\t\t\t\t\t<div class=\"swiper-slide\" role=\"group\" aria-roledescription=\"slide\" aria-label=\"1 de 4\"><figure class=\"swiper-slide-inner\"><img decoding=\"async\" class=\"swiper-slide-image\" src=\"https:\/\/visualizze.com.br\/wp-content\/uploads\/2024\/10\/projetos-audiovisuais.webp\" alt=\"projetos-audiovisuais\" \/><\/figure><\/div><div class=\"swiper-slide\" role=\"group\" aria-roledescription=\"slide\" aria-label=\"2 de 4\"><figure class=\"swiper-slide-inner\"><img decoding=\"async\" class=\"swiper-slide-image\" src=\"https:\/\/visualizze.com.br\/wp-content\/uploads\/2024\/10\/presta195135195131o.webp\" alt=\"presta195135195131o\" \/><\/figure><\/div><div class=\"swiper-slide\" role=\"group\" aria-roledescription=\"slide\" aria-label=\"3 de 4\"><figure class=\"swiper-slide-inner\"><img decoding=\"async\" class=\"swiper-slide-image\" src=\"https:\/\/visualizze.com.br\/wp-content\/uploads\/2024\/10\/assessoria-financeira.webp\" alt=\"assessoria-financeira\" \/><\/figure><\/div><div class=\"swiper-slide\" role=\"group\" aria-roledescription=\"slide\" aria-label=\"4 de 4\"><figure class=\"swiper-slide-inner\"><img decoding=\"async\" class=\"swiper-slide-image\" src=\"https:\/\/visualizze.com.br\/wp-content\/uploads\/2024\/10\/9-terceiriza195135195131o-financeira.webp\" alt=\"9-terceiriza195135195131o-financeira\" \/><\/figure><\/div>\t\t\t<\/div>\n\t\t\t\t\t\t\t\t\t\t\t\t<div class=\"elementor-swiper-button elementor-swiper-button-prev\" role=\"button\" tabindex=\"0\">\n\t\t\t\t\t\t<i aria-hidden=\"true\" class=\"eicon-chevron-left\"><\/i>\t\t\t\t\t<\/div>\n\t\t\t\t\t<div class=\"elementor-swiper-button elementor-swiper-button-next\" role=\"button\" tabindex=\"0\">\n\t\t\t\t\t\t<i aria-hidden=\"true\" class=\"eicon-chevron-right\"><\/i>\t\t\t\t\t<\/div>\n\t\t\t\t\n\t\t\t\t\t\t\t\t\t<div class=\"swiper-pagination\"><\/div>\n\t\t\t\t\t\t\t\t\t<\/div>\n\t\t\t\t<\/div>\n\t\t\t\t<\/div>\n\t\t\t\t<div class=\"elementor-element elementor-element-00062e8 elementor-align-center elementor-widget elementor-widget-button\" data-id=\"00062e8\" data-element_type=\"widget\" data-widget_type=\"button.default\">\n\t\t\t\t<div class=\"elementor-widget-container\">\n\t\t\t\t\t\t\t<div class=\"elementor-button-wrapper\">\n\t\t\t\t\t<a class=\"elementor-button elementor-button-link elementor-size-sm\" href=\"#\">\n\t\t\t\t\t\t<span class=\"elementor-button-content-wrapper\">\n\t\t\t\t\t\t\t\t\t<span class=\"elementor-button-text\">Agilizar minha Gest\u00e3o!<\/span>\n\t\t\t\t\t<\/span>\n\t\t\t\t\t<\/a>\n\t\t\t\t<\/div>\n\t\t\t\t\t\t<\/div>\n\t\t\t\t<\/div>\n\t\t\t\t<div class=\"elementor-element elementor-element-61beaa4 elementor-widget elementor-widget-image\" data-id=\"61beaa4\" data-element_type=\"widget\" data-widget_type=\"image.default\">\n\t\t\t\t<div class=\"elementor-widget-container\">\n\t\t\t\t\t\t\t\t\t\t\t\t\t<img loading=\"lazy\" decoding=\"async\" width=\"800\" height=\"529\" src=\"https:\/\/visualizze.com.br\/wp-content\/uploads\/2024\/10\/alguns-de-nossos-clientes-1024x677.webp\" class=\"attachment-large size-large wp-image-106\" alt=\"\" srcset=\"https:\/\/visualizze.com.br\/wp-content\/uploads\/2024\/10\/alguns-de-nossos-clientes-1024x677.webp 1024w, https:\/\/visualizze.com.br\/wp-content\/uploads\/2024\/10\/alguns-de-nossos-clientes-300x198.webp 300w, https:\/\/visualizze.com.br\/wp-content\/uploads\/2024\/10\/alguns-de-nossos-clientes-768x508.webp 768w, https:\/\/visualizze.com.br\/wp-content\/uploads\/2024\/10\/alguns-de-nossos-clientes.webp 1422w\" sizes=\"(max-width: 800px) 100vw, 800px\" \/>\t\t\t\t\t\t\t\t\t\t\t\t\t<\/div>\n\t\t\t\t<\/div>\n\t\t\t\t<\/div>\n\t\t\t\t\t<\/div>\n\t\t\t\t<\/div>\n\t\t<div class=\"elementor-element elementor-element-6f018d4 e-flex e-con-boxed e-con e-parent\" data-id=\"6f018d4\" data-element_type=\"container\" data-settings=\"{&quot;background_background&quot;:&quot;classic&quot;}\">\n\t\t\t\t\t<div class=\"e-con-inner\">\n\t\t<div class=\"elementor-element elementor-element-8cf8d2d e-con-full e-flex e-con e-child\" data-id=\"8cf8d2d\" data-element_type=\"container\">\n\t\t\t\t<div class=\"elementor-element elementor-element-4ab772a elementor-widget elementor-widget-heading\" data-id=\"4ab772a\" data-element_type=\"widget\" data-widget_type=\"heading.default\">\n\t\t\t\t<div class=\"elementor-widget-container\">\n\t\t\t<h2 class=\"elementor-heading-title elementor-size-default\">QUEM SOMOS<\/h2>\t\t<\/div>\n\t\t\t\t<\/div>\n\t\t\t\t<div class=\"elementor-element elementor-element-64124d0 elementor-widget elementor-widget-image\" data-id=\"64124d0\" data-element_type=\"widget\" data-widget_type=\"image.default\">\n\t\t\t\t<div class=\"elementor-widget-container\">\n\t\t\t\t\t\t\t\t\t\t\t\t\t<img fetchpriority=\"high\" decoding=\"async\" width=\"800\" height=\"150\" src=\"https:\/\/visualizze.com.br\/wp-content\/uploads\/2024\/10\/logo-1024x192.png\" class=\"attachment-large size-large wp-image-20\" alt=\"\" srcset=\"https:\/\/visualizze.com.br\/wp-content\/uploads\/2024\/10\/logo-1024x192.png 1024w, https:\/\/visualizze.com.br\/wp-content\/uploads\/2024\/10\/logo-300x56.png 300w, https:\/\/visualizze.com.br\/wp-content\/uploads\/2024\/10\/logo-768x144.png 768w, https:\/\/visualizze.com.br\/wp-content\/uploads\/2024\/10\/logo.png 1238w\" sizes=\"(max-width: 800px) 100vw, 800px\" \/>\t\t\t\t\t\t\t\t\t\t\t\t\t<\/div>\n\t\t\t\t<\/div>\n\t\t\t\t<div class=\"elementor-element elementor-element-0698cc6 elementor-widget elementor-widget-text-editor\" data-id=\"0698cc6\" data-element_type=\"widget\" data-widget_type=\"text-editor.default\">\n\t\t\t\t<div class=\"elementor-widget-container\">\n\t\t\t\t\t\t\t<p>Com <strong>sede em S\u00e3o Paulo<\/strong>, a <strong>Visualizze<\/strong> atende as necessidades e tem se dedicado a fornecer solu\u00e7\u00f5es financeiras personalidades e eficientes para empresas de todos os portes.<\/p><p><br \/>Composta por contadores e por <strong>profissionais de experi\u00eancia s\u00f3lida no mercado financeiro<\/strong> de entretenimento, nossa miss\u00e3o \u00e9 <strong>oferecer estrat\u00e9gias e tranquilidade necess\u00e1ria para que nossos clientes possam lidar plenamente com seu neg\u00f3cio.<\/strong><\/p>\t\t\t\t\t\t<\/div>\n\t\t\t\t<\/div>\n\t\t\t\t<\/div>\n\t\t<div class=\"elementor-element elementor-element-fbfe84d e-con-full e-flex e-con e-child\" data-id=\"fbfe84d\" data-element_type=\"container\">\n\t\t\t\t<div class=\"elementor-element elementor-element-7e95698 elementor-widget elementor-widget-image\" data-id=\"7e95698\" data-element_type=\"widget\" data-widget_type=\"image.default\">\n\t\t\t\t<div class=\"elementor-widget-container\">\n\t\t\t\t\t\t\t\t\t\t\t\t\t<img loading=\"lazy\" decoding=\"async\" width=\"410\" height=\"232\" src=\"https:\/\/visualizze.com.br\/wp-content\/uploads\/2024\/10\/Agrupar-2.png\" class=\"attachment-full size-full wp-image-96\" alt=\"\" srcset=\"https:\/\/visualizze.com.br\/wp-content\/uploads\/2024\/10\/Agrupar-2.png 410w, https:\/\/visualizze.com.br\/wp-content\/uploads\/2024\/10\/Agrupar-2-300x170.png 300w\" sizes=\"(max-width: 410px) 100vw, 410px\" \/>\t\t\t\t\t\t\t\t\t\t\t\t\t<\/div>\n\t\t\t\t<\/div>\n\t\t\t\t<\/div>\n\t\t\t\t\t<\/div>\n\t\t\t\t<\/div>\n\t\t<div class=\"elementor-element elementor-element-e4756e4 e-flex e-con-boxed e-con e-parent\" data-id=\"e4756e4\" data-element_type=\"container\">\n\t\t\t\t\t<div class=\"e-con-inner\">\n\t\t\t\t<div class=\"elementor-element elementor-element-5f12a85 elementor-widget elementor-widget-text-editor\" data-id=\"5f12a85\" data-element_type=\"widget\" data-widget_type=\"text-editor.default\">\n\t\t\t\t<div class=\"elementor-widget-container\">\n\t\t\t\t\t\t\t<p>Copyright \u00a9 2024 Visualizze. Todos os direitos reservados.<\/p>\t\t\t\t\t\t<\/div>\n\t\t\t\t<\/div>\n\t\t\t\t\t<\/div>\n\t\t\t\t<\/div>\n\t\t\t\t<\/div>\n\t\t","protected":false},"excerpt":{"rendered":"<p>Controle Financeiro Os recursos que agilizam sua gest\u00e3o financeira. + tempo pra voc\u00ea, + controle, + previsibilidade, + resultado para sua empresa. Agilizar minha Gest\u00e3o! Benef\u00edcios ao contratar os nossos servi\u00e7os Redu\u00e7\u00e3o de Custos Ao terceirizar as fun\u00e7\u00f5es financeiras, voc\u00ea pode reduzir custos com pessoal e infraestrutura, j\u00e1 que n\u00e3o precisa manter uma equipe interna [&hellip;]<\/p>\n","protected":false},"author":1,"featured_media":0,"parent":0,"menu_order":0,"comment_status":"closed","ping_status":"closed","template":"elementor_canvas","meta":{"footnotes":""},"class_list":["post-7","page","type-page","status-publish","hentry"],"_links":{"self":[{"href":"https:\/\/visualizze.com.br\/index.php?rest_route=\/wp\/v2\/pages\/7","targetHints":{"allow":["GET"]}}],"collection":[{"href":"https:\/\/visualizze.com.br\/index.php?rest_route=\/wp\/v2\/pages"}],"about":[{"href":"https:\/\/visualizze.com.br\/index.php?rest_route=\/wp\/v2\/types\/page"}],"author":[{"embeddable":true,"href":"https:\/\/visualizze.com.br\/index.php?rest_route=\/wp\/v2\/users\/1"}],"replies":[{"embeddable":true,"href":"https:\/\/visualizze.com.br\/index.php?rest_route=%2Fwp%2Fv2%2Fcomments&post=7"}],"version-history":[{"count":79,"href":"https:\/\/visualizze.com.br\/index.php?rest_route=\/wp\/v2\/pages\/7\/revisions"}],"predecessor-version":[{"id":112,"href":"https:\/\/visualizze.com.br\/index.php?rest_route=\/wp\/v2\/pages\/7\/revisions\/112"}],"wp:attachment":[{"href":"https:\/\/visualizze.com.br\/index.php?rest_route=%2Fwp%2Fv2%2Fmedia&parent=7"}],"curies":[{"name":"wp","href":"https:\/\/api.w.org\/{rel}","templated":true}]}}